{"id":337,"date":"2022-04-12T21:27:14","date_gmt":"2022-04-12T21:27:14","guid":{"rendered":"https:\/\/ser-ve.de\/?page_id=337"},"modified":"2022-04-12T21:32:01","modified_gmt":"2022-04-12T21:32:01","slug":"home","status":"publish","type":"page","link":"https:\/\/ser-ve.de\/","title":{"rendered":"Home"},"content":{"rendered":"\n<blockquote class=\"wp-block-quote is-layout-flow wp-block-quote-is-layout-flow\"><p>Die Zukunft soll man nicht voraussehen wollen, sondern m\u00f6glich machen.<\/p><cite>(Antoine de Saint-Exup\u00e9ry)<\/cite><\/blockquote>\n\n\n\n<p>Wie gestalten wir unsere Welt von morgen? Wie begegnen wir mit kreativen L\u00f6sungen sich ver\u00e4ndernden Rahmenbedingungen und neuen Herausforderungen? Wie finanzieren wir die Umsetzung unserer Ideen? Und was kann (und soll) b\u00fcrgerschaftliches Engagement in diesen Zusammenh\u00e4ngen bewirken? Als<\/p>\n\n\n\n<ul class=\"wp-block-list\"><li>gemeinn\u00fctzige Organisation, Selbsthilfegruppe, Verein oder Verband<\/li><li>Unternehmen<\/li><li>Kommune<\/li><li>Freiwilligenagentur oder -initiative<\/li><\/ul>\n\n\n\n<p>besch\u00e4ftigen Sie sich \u2013 genau wie wir \u2013 intensiv mit diesen Fragen. Wir sind mit ganz unterschiedlichen Perspektiven vertraut, verbinden diese miteinander und k\u00f6nnen daher Ihre Gestaltungsm\u00f6glichkeiten sichtbar machen. So entsteht aus ersten Ideen eine ma\u00dfgeschneiderte Strategie, die alle wichtigen Handlungsfelder umfasst \u2013 von der \u00d6ffentlichkeitsarbeit, \u00fcber die Finanzierung oder die Gewinnung Freiwilliger bis hin zur L\u00f6sung rechtlicher Fragen.<\/p>\n\n\n\n<p>Dar\u00fcber hinaus unterst\u00fctzen wir Sie in der Organisationsentwicklung sowie beim Aufbau von Engagementstrukturen, moderieren Ver\u00e4nderungsprozesse und schulen Ihr Team in Workshops oder Inhouse-Seminaren.<\/p>\n\n\n\n<p>Lassen Sie uns \u00fcber Ihre Ideen reden!&nbsp;<a href=\"https:\/\/ser-ve.de\/?page_id=13\" target=\"_blank\" rel=\"noreferrer noopener\">Mailen Sie uns oder rufen Sie uns einfach an.<\/a><\/p>\n","protected":false},"excerpt":{"rendered":"<p>Die Zukunft soll man nicht voraussehen wollen, sondern m\u00f6glich machen. (Antoine de Saint-Exup\u00e9ry) Wie gestalten wir unsere Welt von morgen? Wie begegnen wir mit kreativen L\u00f6sungen sich ver\u00e4ndernden Rahmenbedingungen und neuen Herausforderungen? Wie finanzieren wir die Umsetzung unserer Ideen? Und was kann (und soll) b\u00fcrgerschaftliches Engagement in diesen Zusammenh\u00e4ngen bewirken? Als gemeinn\u00fctzige Organisation, Selbsthilfegruppe, Verein oder Verband Unternehmen Kommune Freiwilligenagentur oder -initiative besch\u00e4ftigen Sie sich \u2013 genau wie wir \u2013 intensiv mit diesen Fragen. Wir sind mit ganz unterschiedlichen Perspektiven vertraut, verbinden diese miteinander und k\u00f6nnen daher Ihre Gestaltungsm\u00f6glichkeiten sichtbar machen. So entsteht aus ersten Ideen eine ma\u00dfgeschneiderte Strategie, die alle wichtigen Handlungsfelder umfasst \u2013 von der \u00d6ffentlichkeitsarbeit, \u00fcber die&hellip; <a class=\"read-more\" href=\"https:\/\/ser-ve.de\/\">Mehr Lesen<\/a><\/p>\n","protected":false},"author":1,"featured_media":0,"parent":0,"menu_order":0,"comment_status":"closed","ping_status":"closed","template":"","meta":{"footnotes":""},"class_list":["post-337","page","type-page","status-publish","hentry"],"_links":{"self":[{"href":"https:\/\/ser-ve.de\/index.php?rest_route=\/wp\/v2\/pages\/337","targetHints":{"allow":["GET"]}}],"collection":[{"href":"https:\/\/ser-ve.de\/index.php?rest_route=\/wp\/v2\/pages"}],"about":[{"href":"https:\/\/ser-ve.de\/index.php?rest_route=\/wp\/v2\/types\/page"}],"author":[{"embeddable":true,"href":"https:\/\/ser-ve.de\/index.php?rest_route=\/wp\/v2\/users\/1"}],"replies":[{"embeddable":true,"href":"https:\/\/ser-ve.de\/index.php?rest_route=%2Fwp%2Fv2%2Fcomments&post=337"}],"version-history":[{"count":3,"href":"https:\/\/ser-ve.de\/index.php?rest_route=\/wp\/v2\/pages\/337\/revisions"}],"predecessor-version":[{"id":343,"href":"https:\/\/ser-ve.de\/index.php?rest_route=\/wp\/v2\/pages\/337\/revisions\/343"}],"wp:attachment":[{"href":"https:\/\/ser-ve.de\/index.php?rest_route=%2Fwp%2Fv2%2Fmedia&parent=337"}],"curies":[{"name":"wp","href":"https:\/\/api.w.org\/{rel}","templated":true}]}}